{"id":1148,"date":"2019-02-04T18:56:22","date_gmt":"2019-02-04T17:56:22","guid":{"rendered":"http:\/\/www.sdkeurope.com\/?page_id=1148"},"modified":"2019-02-04T20:03:30","modified_gmt":"2019-02-04T19:03:30","slug":"platebni-podminky","status":"publish","type":"page","link":"https:\/\/www.sdkeurope.com\/cs\/platebni-podminky\/","title":{"rendered":"Platebn\u00ed podm\u00ednky"},"content":{"rendered":"<h2>Platebn\u00ed podm\u00ednky:<\/h2>\n<ul>\n<li><span style=\"font-weight: 400;\">p\u0159evodem<\/span><\/li>\n<li><span style=\"font-weight: 400;\">platebn\u00ed kartou &#8211; zat\u00edm na web ned\u00e1vat tuto mo\u017enost je v \u0159e\u0161en\u00ed st\u00e1le<\/span><\/li>\n<li><span style=\"font-weight: 400;\">paypal: <\/span><a href=\"mailto:payment@sdkeurope.com\"><span style=\"font-weight: 400;\">payment@sdkeurope.com<\/span><\/a><\/li>\n<li>fakturou.\u00a0<span style=\"font-weight: 400;\">Faktura V\u00e1m bude zasl\u00e1na na email<\/span><\/li>\n<\/ul>\n<p>V p\u0159\u00edpad\u011b, \u017ee \u00a0je tato p\u0159ihl\u00e1\u0161ka skupinov\u00e1, lze uhradit v\u0161e dohromady jednou platbou a nebo ka\u017ed\u00fd zvl\u00e1\u0161\u0165. Je nutn\u00e9 tuto informaci napsat na <a href=\"mailto:andrea@sdkeurope.com\">andrea@sdkeurope.com<\/a>. Na z\u00e1klad\u011b toho V\u00e1m budou zasl\u00e1ny p\u0159\u00edslu\u0161n\u00e9 variabiln\u00ed symboly.<\/p>\n<ul>\n<li><span style=\"font-weight: 400;\">Registrace do 15.5.2019: z\u00e1lohu 2500 K\u010d,- nebo celkovou \u010d\u00e1stku je nutn\u00e9 uhradit do 7 dn\u00ed. V opa\u010dn\u00e9m p\u0159\u00edpad\u011b bude p\u0159ihl\u00e1\u0161ka stornov\u00e1na a tato informace V\u00e1m bude zasl\u00e1na na email.<\/span><\/li>\n<li><span style=\"font-weight: 400;\">Registrace od 16.5. &#8211; 25.5.2019: Celkovou \u010d\u00e1stku je nutn\u00e9 uhradit do 7 dn\u00ed. Potvrzen\u00ed o \u00fahrad\u011b V\u00e1m p\u0159ijde do 7 dn\u00ed od p\u0159ijet\u00ed va\u0161\u00ed platby. V opa\u010dn\u00e9m p\u0159\u00edpad\u011b bude p\u0159ihl\u00e1\u0161ka stornov\u00e1na a tato informace V\u00e1m bude zasl\u00e1na na mail.<\/span><\/li>\n<li><span style=\"font-weight: 400;\">U registrace v obdob\u00ed od 1.6.2019 do 25.6.2019 je nutn\u00e9 obratem uhradit celou \u010d\u00e1stku.<\/span><\/li>\n<\/ul>\n<h2>STORNO PODM\u00cdNKY<\/h2>\n<ul>\n<li><span style=\"font-weight: 400;\">Zru\u0161en\u00ed do konce dubna &#8211; 30% z celkov\u00e9 ceny objedn\u00e1vky<\/span><\/li>\n<li><span style=\"font-weight: 400;\">Zru\u0161en\u00ed od 1.5 do 15.6. &#8211; 60% z celkov\u00e9 ceny objedn\u00e1vky<\/span><\/li>\n<li><span style=\"font-weight: 400;\">Zru\u0161en\u00ed od 16.6. &#8211; 100% z celkov\u00e9 ceny objedn\u00e1vky<\/span><\/li>\n<\/ul>\n","protected":false},"excerpt":{"rendered":"<p>Platebn\u00ed podm\u00ednky: p\u0159evodem platebn\u00ed kartou &#8211; zat\u00edm na web ned\u00e1vat tuto mo\u017enost je v \u0159e\u0161en\u00ed st\u00e1le paypal: payment@sdkeurope.com fakturou.\u00a0Faktura V\u00e1m bude zasl\u00e1na na email V p\u0159\u00edpad\u011b, \u017ee \u00a0je tato p\u0159ihl\u00e1\u0161ka skupinov\u00e1, lze uhradit v\u0161e dohromady jednou platbou a nebo ka\u017ed\u00fd zvl\u00e1\u0161\u0165. Je nutn\u00e9 tuto informaci napsat na andrea@sdkeurope.com. Na z\u00e1klad\u011b toho V\u00e1m budou zasl\u00e1ny p\u0159\u00edslu\u0161n\u00e9 &#8230; <a title=\"Platebn\u00ed podm\u00ednky\" class=\"read-more\" href=\"https:\/\/www.sdkeurope.com\/cs\/platebni-podminky\/\" aria-label=\"\u010c\u00edst v\u00edce o Platebn\u00ed podm\u00ednky\">Read more<\/a><\/p>\n","protected":false},"author":7,"featured_media":0,"parent":0,"menu_order":0,"comment_status":"closed","ping_status":"closed","template":"","meta":{"inline_featured_image":false,"ngg_post_thumbnail":0,"footnotes":""},"class_list":["post-1148","page","type-page","status-publish"],"_links":{"self":[{"href":"https:\/\/www.sdkeurope.com\/cs\/wp-json\/wp\/v2\/pages\/1148","targetHints":{"allow":["GET"]}}],"collection":[{"href":"https:\/\/www.sdkeurope.com\/cs\/wp-json\/wp\/v2\/pages"}],"about":[{"href":"https:\/\/www.sdkeurope.com\/cs\/wp-json\/wp\/v2\/types\/page"}],"author":[{"embeddable":true,"href":"https:\/\/www.sdkeurope.com\/cs\/wp-json\/wp\/v2\/users\/7"}],"replies":[{"embeddable":true,"href":"https:\/\/www.sdkeurope.com\/cs\/wp-json\/wp\/v2\/comments?post=1148"}],"version-history":[{"count":4,"href":"https:\/\/www.sdkeurope.com\/cs\/wp-json\/wp\/v2\/pages\/1148\/revisions"}],"predecessor-version":[{"id":1166,"href":"https:\/\/www.sdkeurope.com\/cs\/wp-json\/wp\/v2\/pages\/1148\/revisions\/1166"}],"wp:attachment":[{"href":"https:\/\/www.sdkeurope.com\/cs\/wp-json\/wp\/v2\/media?parent=1148"}],"curies":[{"name":"wp","href":"https:\/\/api.w.org\/{rel}","templated":true}]}}