{"id":2,"date":"2018-12-27T22:49:31","date_gmt":"2018-12-27T21:49:31","guid":{"rendered":"http:\/\/www.sdkeurope.com\/?page_id=2"},"modified":"2018-12-27T22:49:31","modified_gmt":"2018-12-27T21:49:31","slug":"zkusebni-stranka","status":"publish","type":"page","link":"https:\/\/www.sdkeurope.com\/cs\/zkusebni-stranka\/","title":{"rendered":"Zku\u0161ebn\u00ed str\u00e1nka"},"content":{"rendered":"<p>Pr\u00e1v\u011b si prohl\u00ed\u017e\u00edte uk\u00e1zkovou str\u00e1nku, kter\u00e1 byla vytvo\u0159ena automaticky b\u011bhem instalace WordPressu. Str\u00e1nky se li\u0161\u00ed od p\u0159\u00edsp\u011bvk\u016f zejm\u00e9na t\u00edm, \u017ee obsahuj\u00ed n\u011bjak\u00fd statick\u00fd text a jsou zobrazov\u00e1ny na st\u00e1le stejn\u00e9m m\u00edst\u011b webu (u v\u011bt\u0161iny \u0161ablon jde o naviga\u010dn\u00ed menu). Lid\u00e9 obvykle nejd\u0159\u00edve vytv\u00e1\u0159ej\u00ed z\u00e1kladn\u00ed informa\u010dn\u00ed str\u00e1nky, kde se p\u0159edstavuj\u00ed n\u00e1v\u0161t\u011bvn\u00edk\u016fm webu a seznamuj\u00ed je se sv\u00fdmi z\u00e1m\u011bry. M\u016f\u017ee to b\u00fdt nap\u0159. n\u011bco v n\u00e1sleduj\u00edc\u00edm stylu (osobn\u00ed web):<\/p>\n<blockquote><p>V\u00edtejte! Jmenuju se Pavel a bydl\u00edm na venkov\u011b. Pracuju jako program\u00e1tor a po noc\u00edch p\u0159ekl\u00e1d\u00e1me WordPress do \u010de\u0161tiny. A tohle je m\u016fj web, kde se ob\u010das dozv\u00edte nejen n\u011bco o programov\u00e1n\u00ed, ale i o m\u00e9 rodin\u011b a cestov\u00e1n\u00ed. R\u00e1di toti\u017e jezd\u00edme na v\u00fdlety, a to bez ohledu na po\u010das\u00ed, proto\u017ee j\u00e1 zp\u00edv\u00e1m v de\u0161ti r\u00e1d&#8230;<\/p><\/blockquote>\n<p>&#8230; a nebo n\u011bco podobn\u00e9ho (firemn\u00ed web):<\/p>\n<blockquote><p>Firma XYZ byla zalo\u017eena v roce 1991 a ji\u017e od po\u010d\u00e1tku se zab\u00fdv\u00e1 v\u00fdrobou kvalitn\u00edho jable\u010dn\u00e9ho mo\u0161tu. Soust\u0159ed\u00edme se na zpracov\u00e1n\u00ed ovoce od drobn\u00fdch p\u011bstitel\u016f a na\u0161e v\u00fdrobky neobsahuj\u00ed \u017e\u00e1dn\u00e9 dal\u0161\u00ed chemick\u00e9 p\u0159\u00edsady. Firma s\u00eddl\u00ed v Liberci a zam\u011bstn\u00e1v\u00e1 v\u00edce ne\u017e 200 kvalifikovan\u00fdch lid\u00ed.<\/p><\/blockquote>\n<p>Pokud s WordPressem pr\u00e1v\u011b za\u010d\u00edn\u00e1te, m\u011bli byste se nejd\u0159\u00edve p\u0159ihl\u00e1sit do <a href=\"https:\/\/www.sdkeurope.com\/wp-admin\/\">administrace<\/a> a tuto str\u00e1nku smazat (nebo upravit). A nic u\u017e v\u00e1m tak\u00e9 nebr\u00e1n\u00ed vytv\u00e1\u0159et dal\u0161\u00ed obsah webu v podob\u011b nov\u00fdch str\u00e1nek a p\u0159\u00edsp\u011bvk\u016f. Douf\u00e1me, \u017ee budete se spr\u00e1vou webu v redak\u010dn\u00edm syst\u00e9mu WordPress spokojeni!<\/p>\n","protected":false},"excerpt":{"rendered":"<p>Pr\u00e1v\u011b si prohl\u00ed\u017e\u00edte uk\u00e1zkovou str\u00e1nku, kter\u00e1 byla vytvo\u0159ena automaticky b\u011bhem instalace WordPressu. Str\u00e1nky se li\u0161\u00ed od p\u0159\u00edsp\u011bvk\u016f zejm\u00e9na t\u00edm, \u017ee obsahuj\u00ed n\u011bjak\u00fd statick\u00fd text a jsou zobrazov\u00e1ny na st\u00e1le stejn\u00e9m m\u00edst\u011b webu (u v\u011bt\u0161iny \u0161ablon jde o naviga\u010dn\u00ed menu). Lid\u00e9 obvykle nejd\u0159\u00edve vytv\u00e1\u0159ej\u00ed z\u00e1kladn\u00ed informa\u010dn\u00ed str\u00e1nky, kde se p\u0159edstavuj\u00ed n\u00e1v\u0161t\u011bvn\u00edk\u016fm webu a seznamuj\u00ed je se &#8230; <a title=\"Zku\u0161ebn\u00ed str\u00e1nka\" class=\"read-more\" href=\"https:\/\/www.sdkeurope.com\/cs\/zkusebni-stranka\/\" aria-label=\"\u010c\u00edst v\u00edce o Zku\u0161ebn\u00ed str\u00e1nka\">Read more<\/a><\/p>\n","protected":false},"author":14,"featured_media":0,"parent":0,"menu_order":0,"comment_status":"closed","ping_status":"open","template":"","meta":{"inline_featured_image":false,"ngg_post_thumbnail":0,"footnotes":""},"class_list":["post-2","page","type-page","status-publish"],"_links":{"self":[{"href":"https:\/\/www.sdkeurope.com\/cs\/wp-json\/wp\/v2\/pages\/2","targetHints":{"allow":["GET"]}}],"collection":[{"href":"https:\/\/www.sdkeurope.com\/cs\/wp-json\/wp\/v2\/pages"}],"about":[{"href":"https:\/\/www.sdkeurope.com\/cs\/wp-json\/wp\/v2\/types\/page"}],"author":[{"embeddable":true,"href":"https:\/\/www.sdkeurope.com\/cs\/wp-json\/wp\/v2\/users\/14"}],"replies":[{"embeddable":true,"href":"https:\/\/www.sdkeurope.com\/cs\/wp-json\/wp\/v2\/comments?post=2"}],"version-history":[{"count":0,"href":"https:\/\/www.sdkeurope.com\/cs\/wp-json\/wp\/v2\/pages\/2\/revisions"}],"wp:attachment":[{"href":"https:\/\/www.sdkeurope.com\/cs\/wp-json\/wp\/v2\/media?parent=2"}],"curies":[{"name":"wp","href":"https:\/\/api.w.org\/{rel}","templated":true}]}}