{"id":6343,"date":"2024-03-13T09:05:59","date_gmt":"2024-03-13T08:05:59","guid":{"rendered":"https:\/\/www.sdkeurope.com\/ubytovani\/"},"modified":"2026-03-18T17:54:06","modified_gmt":"2026-03-18T16:54:06","slug":"ubytovani","status":"publish","type":"page","link":"https:\/\/www.sdkeurope.com\/cs\/ubytovani\/","title":{"rendered":"Ubytov\u00e1n\u00ed"},"content":{"rendered":"\t\t<div data-elementor-type=\"wp-post\" data-elementor-id=\"6343\" class=\"elementor elementor-6343 elementor-1188\" data-elementor-post-type=\"page\">\n\t\t\t\t<div class=\"elementor-element elementor-element-49c39ee e-flex e-con-boxed e-con e-parent\" data-id=\"49c39ee\" data-element_type=\"container\">\n\t\t\t\t\t<div class=\"e-con-inner\">\n\t\t\t\t<div class=\"elementor-element elementor-element-ce598c3 elementor-align-center elementor-widget elementor-widget-button\" data-id=\"ce598c3\" data-element_type=\"widget\" data-widget_type=\"button.default\">\n\t\t\t\t\t\t\t\t\t\t<a class=\"elementor-button elementor-button-link elementor-size-sm\" href=\"https:\/\/tickets.sdkeurope.com\/ubytovani#\/119\" target=\"_blank\" rel=\"noopener\">\n\t\t\t\t\t\t<span class=\"elementor-button-content-wrapper\">\n\t\t\t\t\t\t\t\t\t<span class=\"elementor-button-text\">KOUPIT UBYTOV\u00c1N\u00cd<\/span>\n\t\t\t\t\t<\/span>\n\t\t\t\t\t<\/a>\n\t\t\t\t\t\t\t\t<\/div>\n\t\t\t\t<div class=\"elementor-element elementor-element-29187ca elementor-widget elementor-widget-text-editor\" data-id=\"29187ca\" data-element_type=\"widget\" data-widget_type=\"text-editor.default\">\n\t\t\t\t\t\t\t\t\t<p>\u00a0<\/p><p class=\"ng-star-inserted\"><strong><span class=\"ng-star-inserted\">Letos se n\u00e1m pro v\u00e1s poda\u0159ilo zajistit ubytov\u00e1n\u00ed v samotn\u00e9m srdci historick\u00e9ho centra Brna.<\/span><span class=\"ng-star-inserted\"> Budova se nach\u00e1z\u00ed pouh\u00e9 2 minuty ch\u016fze od tramvajov\u00e9 zast\u00e1vky Malinovsk\u00e9ho n\u00e1m\u011bst\u00ed (linka \u010d. 2). Odtud se pohodln\u011b dostanete k are\u00e1lu Nov\u00e9 Zbrojovky (4 zast\u00e1vky + 5 minut ch\u016fze) nebo lze do are\u00e1lu pohodln\u011b doj\u00edt p\u011b\u0161ky (2 km, 25 minut).<\/span><\/strong><\/p><h3 class=\"ng-star-inserted\"><strong class=\"ng-star-inserted\"><span class=\"ng-star-inserted\">Studentsk\u00e9 koleje Astorka v historick\u00e9m centru Brna<\/span><\/strong><\/h3><h3><b>3 NOCI: \u010cTVRTEK, 2. 7. \u2013 NED\u011aLE, 5.7. 2026\u00a0<\/b><\/h3><p class=\"ng-star-inserted\"><span class=\"ng-star-inserted\">Ubytov\u00e1n\u00ed nab\u00edz\u00edme v pokoj\u00edch \u0159e\u0161en\u00fdch formou bun\u011bk. To znamen\u00e1, \u017ee ka\u017ed\u00e9 dva pokoje sd\u00edlej\u00ed spole\u010dn\u00e9 soci\u00e1ln\u00ed za\u0159\u00edzen\u00ed (WC, umyvadlo, sprcha). Pokoje jsou vybaveny povle\u010den\u00fdmi postelemi a \u010dist\u00fdmi ru\u010dn\u00edky. <\/span><span class=\"ng-star-inserted\">Ka\u017ed\u00fd pokoj m\u00e1 vlastn\u00ed lednici. Na patrech jsou k dispozici kuchy\u0148ky s mikrovlnnou troubou, varnou konvic\u00ed a z\u00e1kladn\u00edm n\u00e1dob\u00edm. Ve vestibulu naleznete automaty na k\u00e1vu, bagety a dal\u0161\u00ed ob\u010derstven\u00ed. V cel\u00e9 budov\u011b je dostupn\u00e9 Wi-Fi p\u0159ipojen\u00ed a recepce funguje nep\u0159etr\u017eit\u011b 24 hodin denn\u011b (v\u010detn\u011b v\u00edkend\u016f).<\/span><\/p><p class=\"ng-star-inserted\"><span class=\"ng-star-inserted\">Cel\u00e1 budova je neku\u0159\u00e1ck\u00e1. D\u016fraz klademe tak\u00e9 na bezpe\u010dnost \u2013 vstup je opat\u0159en turnikety a recepce je obsazena nonstop.<\/span><\/p><p><em><strong><strong class=\"ng-star-inserted\"><span class=\"ng-star-inserted\">Okol\u00ed ubytov\u00e1n\u00ed<\/span><\/strong><br class=\"ng-star-inserted\" \/><\/strong><\/em>D\u00edky um\u00edst\u011bn\u00ed v historick\u00e9m centru Brna se v p\u011b\u0161\u00ed dostupnosti nach\u00e1z\u00ed \u0159ada kostel\u016f, pas\u00e1\u017e\u00ed a v\u00fdznamn\u00fdch pam\u00e1tek. P\u0159\u00edmo na n\u00e1m\u011bst\u00ed Svobody dojdete za pouh\u00fdch 7 minut. V bezprost\u0159edn\u00edm okol\u00ed najdete mno\u017estv\u00ed kav\u00e1ren, restaurac\u00ed, divadel a dal\u0161\u00edch kulturn\u00edch m\u00edst. Nechyb\u00ed ani supermarkety, bankomat, fitness centrum, sauna \u010di nonstop l\u00e9k\u00e1rna.<\/p><p><em><strong class=\"ng-star-inserted\"><span class=\"ng-star-inserted\">Dopravn\u00ed dostupnost<\/span><\/strong><\/em><\/p><ul><li class=\"ng-star-inserted\"><strong class=\"ng-star-inserted\"><span class=\"ng-star-inserted\">Vlak (Hlavn\u00ed n\u00e1dra\u017e\u00ed):<\/span><\/strong><span class=\"ng-star-inserted\">\u00a08 minut p\u011b\u0161ky<\/span><\/li><li class=\"ng-star-inserted\"><strong class=\"ng-star-inserted\"><span class=\"ng-star-inserted\">Autobus (Bene\u0161ova):<\/span><\/strong><span class=\"ng-star-inserted\">\u00a04 minuty p\u011b\u0161ky<\/span><\/li><li class=\"ng-star-inserted\"><strong class=\"ng-star-inserted\"><span class=\"ng-star-inserted\">MHD (zast\u00e1vka Malinovsk\u00e9ho n\u00e1m\u011bst\u00ed):<\/span><\/strong><span class=\"ng-star-inserted\">\u00a02 minuty p\u011b\u0161ky<\/span><\/li><\/ul><p><em><strong>Parkov\u00e1n\u00ed<\/strong><\/em><br \/><span class=\"ng-star-inserted\">Vzhledem k um\u00edst\u011bn\u00ed Astorky v historick\u00e9m centru m\u011bsta nen\u00ed mo\u017en\u00e9 parkovat p\u0159\u00edmo u budovy.<\/span><br class=\"ng-star-inserted\" \/><span class=\"ng-star-inserted\">Aktu\u00e1ln\u00ed obsazenost brn\u011bnsk\u00fdch parkovac\u00edch dom\u016f naleznete <a href=\"http:\/\/www.bkom.cz\/parkovani\" target=\"_blank\" rel=\"noopener\">zde<\/a>.<\/span><\/p>\t\t\t\t\t\t\t\t<\/div>\n\t\t\t\t\t<\/div>\n\t\t\t\t<\/div>\n\t\t<div class=\"elementor-element elementor-element-c68bd35 e-flex e-con-boxed e-con e-parent\" data-id=\"c68bd35\" data-element_type=\"container\">\n\t\t\t\t\t<div class=\"e-con-inner\">\n\t\t\t\t<div class=\"elementor-element elementor-element-529cbf0 elementor-skin-carousel elementor-arrows-yes elementor-pagination-type-bullets elementor-pagination-position-outside elementor-widget elementor-widget-media-carousel\" data-id=\"529cbf0\" data-element_type=\"widget\" data-settings=\"{&quot;skin&quot;:&quot;carousel&quot;,&quot;effect&quot;:&quot;slide&quot;,&quot;show_arrows&quot;:&quot;yes&quot;,&quot;pagination&quot;:&quot;bullets&quot;,&quot;speed&quot;:500,&quot;autoplay&quot;:&quot;yes&quot;,&quot;autoplay_speed&quot;:5000,&quot;loop&quot;:&quot;yes&quot;,&quot;pause_on_hover&quot;:&quot;yes&quot;,&quot;pause_on_interaction&quot;:&quot;yes&quot;,&quot;space_between&quot;:{&quot;unit&quot;:&quot;px&quot;,&quot;size&quot;:10,&quot;sizes&quot;:[]},&quot;space_between_tablet&quot;:{&quot;unit&quot;:&quot;px&quot;,&quot;size&quot;:10,&quot;sizes&quot;:[]},&quot;space_between_mobile&quot;:{&quot;unit&quot;:&quot;px&quot;,&quot;size&quot;:10,&quot;sizes&quot;:[]}}\" data-widget_type=\"media-carousel.default\">\n\t\t\t\t\t\t\t\t\t\t<div class=\"elementor-main-swiper swiper\" role=\"region\" aria-roledescription=\"carousel\" aria-label=\"Slides\">\n\t\t\t\t<div class=\"swiper-wrapper\">\n\t\t\t\t\t\t\t\t\t\t\t<div class=\"swiper-slide\" role=\"group\" aria-roledescription=\"slide\">\n\t\t\t\t\t\t\t\t\t<div class=\"elementor-carousel-image\" role=\"img\" aria-label=\"AST (1)\" style=\"background-image: url(&#039;https:\/\/www.sdkeurope.com\/wp-content\/uploads\/2026\/02\/AST-1.jpg&#039;)\">\n\n\t\t\t\n\t\t\t\t\t<\/div>\n\t\t\t\t\t\t\t\t<\/div>\n\t\t\t\t\t\t\t\t\t\t\t<div class=\"swiper-slide\" role=\"group\" aria-roledescription=\"slide\">\n\t\t\t\t\t\t\t\t\t<div class=\"elementor-carousel-image\" role=\"img\" aria-label=\"AST (2)\" style=\"background-image: url(&#039;https:\/\/www.sdkeurope.com\/wp-content\/uploads\/2026\/02\/AST-2.jpeg&#039;)\">\n\n\t\t\t\n\t\t\t\t\t<\/div>\n\t\t\t\t\t\t\t\t<\/div>\n\t\t\t\t\t\t\t\t\t\t\t<div class=\"swiper-slide\" role=\"group\" aria-roledescription=\"slide\">\n\t\t\t\t\t\t\t\t\t<div class=\"elementor-carousel-image\" role=\"img\" aria-label=\"AST (1)\" style=\"background-image: url(&#039;https:\/\/www.sdkeurope.com\/wp-content\/uploads\/2026\/02\/AST-1.jpeg&#039;)\">\n\n\t\t\t\n\t\t\t\t\t<\/div>\n\t\t\t\t\t\t\t\t<\/div>\n\t\t\t\t\t\t\t\t\t\t\t<div class=\"swiper-slide\" role=\"group\" aria-roledescription=\"slide\">\n\t\t\t\t\t\t\t\t\t<div class=\"elementor-carousel-image\" role=\"img\" aria-label=\"AST (3)\" style=\"background-image: url(&#039;https:\/\/www.sdkeurope.com\/wp-content\/uploads\/2026\/02\/AST-3.jpeg&#039;)\">\n\n\t\t\t\n\t\t\t\t\t<\/div>\n\t\t\t\t\t\t\t\t<\/div>\n\t\t\t\t\t\t\t\t\t<\/div>\n\t\t\t\t\t\t\t\t\t\t\t\t\t\t\t<div class=\"elementor-swiper-button elementor-swiper-button-prev\" role=\"button\" tabindex=\"0\" aria-label=\"Previous\">\n\t\t\t\t\t\t\t<svg aria-hidden=\"true\" class=\"e-font-icon-svg e-eicon-chevron-left\" viewBox=\"0 0 1000 1000\" xmlns=\"http:\/\/www.w3.org\/2000\/svg\"><path d=\"M646 125C629 125 613 133 604 142L308 442C296 454 292 471 292 487 292 504 296 521 308 533L604 854C617 867 629 875 646 875 663 875 679 871 692 858 704 846 713 829 713 812 713 796 708 779 692 767L438 487 692 225C700 217 708 204 708 187 708 171 704 154 692 142 675 129 663 125 646 125Z\"><\/path><\/svg>\t\t\t\t\t\t<\/div>\n\t\t\t\t\t\t<div class=\"elementor-swiper-button elementor-swiper-button-next\" role=\"button\" tabindex=\"0\" aria-label=\"Next\">\n\t\t\t\t\t\t\t<svg aria-hidden=\"true\" class=\"e-font-icon-svg e-eicon-chevron-right\" viewBox=\"0 0 1000 1000\" xmlns=\"http:\/\/www.w3.org\/2000\/svg\"><path d=\"M696 533C708 521 713 504 713 487 713 471 708 454 696 446L400 146C388 133 375 125 354 125 338 125 325 129 313 142 300 154 292 171 292 187 292 204 296 221 308 233L563 492 304 771C292 783 288 800 288 817 288 833 296 850 308 863 321 871 338 875 354 875 371 875 388 867 400 854L696 533Z\"><\/path><\/svg>\t\t\t\t\t\t<\/div>\n\t\t\t\t\t\t\t\t\t\t\t\t\t\t\t\t<div class=\"swiper-pagination\"><\/div>\n\t\t\t\t\t\t\t\t\t\t\t\t<\/div>\n\t\t\t\t\t\t\t\t<\/div>\n\t\t\t\t\t<\/div>\n\t\t\t\t<\/div>\n\t\t<div class=\"elementor-element elementor-element-1e07ce3 e-flex e-con-boxed e-con e-parent\" data-id=\"1e07ce3\" data-element_type=\"container\">\n\t\t\t\t\t<div class=\"e-con-inner\">\n\t\t\t\t<div class=\"elementor-element elementor-element-ea74315 elementor-widget elementor-widget-text-editor\" data-id=\"ea74315\" data-element_type=\"widget\" data-widget_type=\"text-editor.default\">\n\t\t\t\t\t\t\t\t\t<p><strong>V cen\u011b je zahrnuto ubytov\u00e1n\u00ed na t\u0159i noci, garance m\u00edsta, administrativn\u00ed poplatky a m\u00edstn\u00ed taxy. Sn\u00eddan\u011b NEN\u00cd v cen\u011b!<\/strong><\/p>\n\t\t\t\t\t\t\t\t<\/div>\n\t\t\t\t\t<\/div>\n\t\t\t\t<\/div>\n\t\t<div class=\"elementor-element elementor-element-89346d5 e-flex e-con-boxed e-con e-parent\" data-id=\"89346d5\" data-element_type=\"container\">\n\t\t\t\t\t<div class=\"e-con-inner\">\n\t\t\t\t<div class=\"elementor-element elementor-element-7de7483 elementor-align-center elementor-widget elementor-widget-button\" data-id=\"7de7483\" data-element_type=\"widget\" data-widget_type=\"button.default\">\n\t\t\t\t\t\t\t\t\t\t<a class=\"elementor-button elementor-button-link elementor-size-sm\" href=\"https:\/\/tickets.sdkeurope.com\/ubytovani#\/119\" target=\"_blank\" rel=\"noopener\">\n\t\t\t\t\t\t<span class=\"elementor-button-content-wrapper\">\n\t\t\t\t\t\t\t\t\t<span class=\"elementor-button-text\">KOUPIT UBYTOV\u00c1N\u00cd<\/span>\n\t\t\t\t\t<\/span>\n\t\t\t\t\t<\/a>\n\t\t\t\t\t\t\t\t<\/div>\n\t\t\t\t\t<\/div>\n\t\t\t\t<\/div>\n\t\t\t\t<\/div>\n\t\t","protected":false},"excerpt":{"rendered":"<p>KOUPIT UBYTOV\u00c1N\u00cd \u00a0 Letos se n\u00e1m pro v\u00e1s poda\u0159ilo zajistit ubytov\u00e1n\u00ed v samotn\u00e9m srdci historick\u00e9ho centra Brna. Budova se nach\u00e1z\u00ed pouh\u00e9 2 minuty ch\u016fze od tramvajov\u00e9 zast\u00e1vky Malinovsk\u00e9ho n\u00e1m\u011bst\u00ed (linka \u010d. 2). Odtud se pohodln\u011b dostanete k are\u00e1lu Nov\u00e9 Zbrojovky (4 zast\u00e1vky + 5 minut ch\u016fze) nebo lze do are\u00e1lu pohodln\u011b doj\u00edt p\u011b\u0161ky (2 km, &#8230; <a title=\"Ubytov\u00e1n\u00ed\" class=\"read-more\" href=\"https:\/\/www.sdkeurope.com\/cs\/ubytovani\/\" aria-label=\"\u010c\u00edst v\u00edce o Ubytov\u00e1n\u00ed\">Read more<\/a><\/p>\n","protected":false},"author":14,"featured_media":0,"parent":0,"menu_order":0,"comment_status":"closed","ping_status":"closed","template":"","meta":{"inline_featured_image":false,"ngg_post_thumbnail":0,"footnotes":""},"class_list":["post-6343","page","type-page","status-publish"],"_links":{"self":[{"href":"https:\/\/www.sdkeurope.com\/cs\/wp-json\/wp\/v2\/pages\/6343","targetHints":{"allow":["GET"]}}],"collection":[{"href":"https:\/\/www.sdkeurope.com\/cs\/wp-json\/wp\/v2\/pages"}],"about":[{"href":"https:\/\/www.sdkeurope.com\/cs\/wp-json\/wp\/v2\/types\/page"}],"author":[{"embeddable":true,"href":"https:\/\/www.sdkeurope.com\/cs\/wp-json\/wp\/v2\/users\/14"}],"replies":[{"embeddable":true,"href":"https:\/\/www.sdkeurope.com\/cs\/wp-json\/wp\/v2\/comments?post=6343"}],"version-history":[{"count":58,"href":"https:\/\/www.sdkeurope.com\/cs\/wp-json\/wp\/v2\/pages\/6343\/revisions"}],"predecessor-version":[{"id":10009,"href":"https:\/\/www.sdkeurope.com\/cs\/wp-json\/wp\/v2\/pages\/6343\/revisions\/10009"}],"wp:attachment":[{"href":"https:\/\/www.sdkeurope.com\/cs\/wp-json\/wp\/v2\/media?parent=6343"}],"curies":[{"name":"wp","href":"https:\/\/api.w.org\/{rel}","templated":true}]}}