{"id":6347,"date":"2024-03-13T09:10:18","date_gmt":"2024-03-13T08:10:18","guid":{"rendered":"https:\/\/www.sdkeurope.com\/challenge\/"},"modified":"2026-01-22T12:58:48","modified_gmt":"2026-01-22T11:58:48","slug":"challenge","status":"publish","type":"page","link":"https:\/\/www.sdkeurope.com\/cs\/challenge\/","title":{"rendered":"Challenge"},"content":{"rendered":"\t\t<div data-elementor-type=\"wp-post\" data-elementor-id=\"6347\" class=\"elementor elementor-6347 elementor-6125\" data-elementor-post-type=\"page\">\n\t\t\t\t\t\t<section class=\"elementor-section elementor-top-section elementor-element elementor-element-4cdaca9 elementor-section-boxed elementor-section-height-default elementor-section-height-default\" data-id=\"4cdaca9\" data-element_type=\"section\">\n\t\t\t\t\t\t<div class=\"elementor-container elementor-column-gap-default\">\n\t\t\t\t\t<div class=\"elementor-column elementor-col-100 elementor-top-column elementor-element elementor-element-e3862f9\" data-id=\"e3862f9\" data-element_type=\"column\">\n\t\t\t<div class=\"elementor-widget-wrap elementor-element-populated\">\n\t\t\t\t\t\t<div class=\"elementor-element elementor-element-81eebf7 elementor-widget elementor-widget-text-editor\" data-id=\"81eebf7\" data-element_type=\"widget\" data-widget_type=\"text-editor.default\">\n\t\t\t\t\t\t\t\t\t<h2><strong>SDK MENTORING CHALLENGE<\/strong><\/h2><p><span style=\"font-weight: 400;\">Vytv\u00e1\u0159\u00ed mnohem hlub\u0161\u00ed propojen\u00ed mezi sv\u011btov\u00fdmi lektory a jejich studenty, kter\u00e9 p\u0159esahuje tradi\u010dn\u00ed workshopy. Mento\u0159i si b\u011bhem workshop\u016f vyb\u00edraj\u00ed studenty do SDK mentoring challenge a nakonec zvol\u00ed 5 nejlep\u0161\u00edch pro svou show nebo battle crew.<\/span><\/p>\t\t\t\t\t\t\t\t<\/div>\n\t\t\t\t<div class=\"elementor-element elementor-element-e7bc4bd elementor-widget elementor-widget-image\" data-id=\"e7bc4bd\" data-element_type=\"widget\" data-widget_type=\"image.default\">\n\t\t\t\t\t\t\t\t\t\t\t\t\t\t\t<img fetchpriority=\"high\" decoding=\"async\" width=\"768\" height=\"432\" src=\"https:\/\/www.sdkeurope.com\/wp-content\/uploads\/2026\/01\/DIAGRAM_WEB_CZ-768x432.png\" class=\"attachment-medium_large size-medium_large wp-image-9402\" alt=\"\" srcset=\"https:\/\/www.sdkeurope.com\/wp-content\/uploads\/2026\/01\/DIAGRAM_WEB_CZ-768x432.png 768w, https:\/\/www.sdkeurope.com\/wp-content\/uploads\/2026\/01\/DIAGRAM_WEB_CZ-300x169.png 300w, https:\/\/www.sdkeurope.com\/wp-content\/uploads\/2026\/01\/DIAGRAM_WEB_CZ-1024x576.png 1024w, https:\/\/www.sdkeurope.com\/wp-content\/uploads\/2026\/01\/DIAGRAM_WEB_CZ-150x84.png 150w, https:\/\/www.sdkeurope.com\/wp-content\/uploads\/2026\/01\/DIAGRAM_WEB_CZ-1536x864.png 1536w, https:\/\/www.sdkeurope.com\/wp-content\/uploads\/2026\/01\/DIAGRAM_WEB_CZ-2048x1152.png 2048w\" sizes=\"(max-width: 768px) 100vw, 768px\" \/>\t\t\t\t\t\t\t\t\t\t\t\t\t\t\t<\/div>\n\t\t\t\t<div class=\"elementor-element elementor-element-e7fa1fc elementor-widget elementor-widget-text-editor\" data-id=\"e7fa1fc\" data-element_type=\"widget\" data-widget_type=\"text-editor.default\">\n\t\t\t\t\t\t\t\t\t<p><em><strong>Jak to funguje:<\/strong><\/em><\/p><p><strong>Registrace a v\u00fdb\u011br mentora:<\/strong><br \/>Tane\u010dn\u00edci si vyberou workshopy z rozvrhu. <span style=\"font-weight: 400;\">Krom\u011b toho si jako bonus vyb\u00edraj\u00ed p\u0159\u00edmo v registraci jednoho mentora, se kter\u00fdm se cht\u011bj\u00ed zapojit do exkluzivn\u00ed SDK mentoring challenge.<\/span><\/p><p><span style=\"font-weight: 400;\">Mentory d\u011bl\u00edme do dvou skupin:<\/span><\/p><ol><li><b>Show mento\u0159i<\/b><span style=\"font-weight: 400;\"> (Choreo, House Dance)<\/span><\/li><li><b>Battle mento\u0159i<\/b><span style=\"font-weight: 400;\"> (Hip Hop, Funk, Dancehall, Afro)<\/span><\/li><\/ol><p><strong>Workshopy a mentorsk\u00e9 lekce:<\/strong><br \/><span style=\"font-weight: 400;\">Tane\u010dn\u00edci se nejd\u0159\u00edve z\u00fa\u010dastn\u00ed povinn\u00fdch prvn\u00edch dvou workshop\u016f sv\u00e9ho mentora. Tyto dva workshopy jsou veden\u00e9 tak, aby odpov\u00eddaly vizi, technice a tane\u010dn\u00edmu stylu dan\u00e9ho mentora a aby tane\u010dn\u00edk\u016fm poskytly z\u00e1klady, kter\u00e9 pozd\u011bji vyu\u017eij\u00ed v battlu nebo v show. <\/span><span style=\"font-weight: 400;\">Po t\u011bchto dvou workshopech si mentor vybere sv\u00fdch Top 20 tane\u010dn\u00edk\u016f, kte\u0159\u00ed z\u00edskaj\u00ed dal\u0161\u00ed exkluzivn\u00ed workshop p\u0159\u00edmo s n\u00edm. <\/span><span style=\"font-weight: 400;\">Po tomto extra workshopu si mentor vybere svou Top 5, se kterou se n\u00e1sledn\u011b z\u00fa\u010dastn\u00ed battlu nebo show.<\/span><\/p><p><strong>Ostatn\u00ed workshopy:<\/strong><br \/><span style=\"font-weight: 400;\">Tane\u010dn\u00edci s SDK DANCER TICKET mohou nav\u0161t\u011bvovat dal\u0161\u00ed workshopy mimo sv\u00e9 mentorsk\u00e9 lekce. Vstupenka <\/span><b>SDK DANCER<\/b> <b>TICKET<\/b><span style=\"font-weight: 400;\"> umo\u017e\u0148uje \u00fa\u010dast na celkem 13 workshopech.<\/span><\/p><p><strong>Fin\u00e1ln\u00ed p\u0159\u00edprava a showcase:<\/strong><br \/><span style=\"font-weight: 400;\">Top 5 tane\u010dn\u00edci absolvuj\u00ed specializovan\u00fd tr\u00e9nink, dost\u00e1vaj\u00ed osobn\u00ed zp\u011btnou vazbu, lad\u00ed sv\u00e9 skills a p\u0159ipravuj\u00ed se na svou z\u00e1v\u011bre\u010dnou showcase.<\/span><\/p><p><strong>Velk\u00e9 fin\u00e1le \u2013 show nebo battle:<\/strong><br \/><span style=\"font-weight: 400;\">Cesta vrchol\u00ed fin\u00e1lov\u00fdm ve\u010derem, kde top tane\u010dn\u00edci po boku sv\u00fdch mentor\u016f p\u0159edvedou, co se nau\u010dili. Publikum hraje kl\u00ed\u010dovou roli p\u0159i ur\u010dov\u00e1n\u00ed v\u00edt\u011bze battlu, co\u017e d\u011bl\u00e1 z fin\u00e1le \u00fa\u017easn\u00fd z\u00e1\u017eitek s perfektn\u00ed atmosf\u00e9rou.<\/span><\/p><p><span style=\"color: #ff0000;\"><b>POZOR, LETOS M\u00c1ME NOVINKU!<\/b><\/span><\/p><p><span style=\"font-weight: 400;\">Na na\u0161em e-shopu letos poprv\u00e9 nab\u00edz\u00edme mo\u017enost zapojit se do <\/span><b>SDK Mentoring Challenge<\/b><span style=\"font-weight: 400;\"> i bez zakoupen\u00ed cel\u00e9 <\/span><b>SDK DANCER TICKET<\/b><span style=\"font-weight: 400;\">. <\/span><span style=\"font-weight: 400;\">Pokud nem\u00e1\u0161 z\u00e1jem o kompletn\u00ed bal\u00ed\u010dek 13 workshop\u016f se vstupy na ve\u010dern\u00ed program a battly, ale chce\u0161 se z\u00fa\u010dastnit <\/span><b>SDK Europe<\/b><span style=\"font-weight: 400;\"> s jedin\u00fdm c\u00edlem &#8211; dostat se do <\/span><b>TOP 5<\/b><span style=\"font-weight: 400;\"> u sv\u00e9ho obl\u00edben\u00e9ho mentora &#8211; m\u00e1me pro tebe \u0159e\u0161en\u00ed. <\/span><span style=\"font-weight: 400;\">Sta\u010d\u00ed si na e-shopu zakoupit <\/span><b>2 workshopy vybran\u00e9ho mentora<\/b><span style=\"font-weight: 400;\"> a k tomu samostatn\u011b <\/span><b>SDK Mentoring Challenge<\/b><span style=\"font-weight: 400;\"> za <\/span><b>1 500 K\u010d<\/b><span style=\"font-weight: 400;\">.<\/span><\/p><p>\u00a0<\/p><p><b><i>P\u0159idej se do SDK mentoring challenge a posu\u0148 svou tane\u010dn\u00ed cestu na vy\u0161\u0161\u00ed \u00farove\u0148!<\/i><\/b><\/p>\t\t\t\t\t\t\t\t<\/div>\n\t\t\t\t\t<\/div>\n\t\t<\/div>\n\t\t\t\t\t<\/div>\n\t\t<\/section>\n\t\t\t\t<section class=\"elementor-section elementor-top-section elementor-element elementor-element-8b78b8f elementor-section-boxed elementor-section-height-default elementor-section-height-default\" data-id=\"8b78b8f\" data-element_type=\"section\">\n\t\t\t\t\t\t<div class=\"elementor-container elementor-column-gap-default\">\n\t\t\t\t\t<div class=\"elementor-column elementor-col-50 elementor-top-column elementor-element elementor-element-5fff6ef\" data-id=\"5fff6ef\" data-element_type=\"column\">\n\t\t\t<div class=\"elementor-widget-wrap elementor-element-populated\">\n\t\t\t\t\t\t<div class=\"elementor-element elementor-element-ab8d9d0 elementor-widget elementor-widget-video\" data-id=\"ab8d9d0\" data-element_type=\"widget\" data-settings=\"{&quot;video_type&quot;:&quot;hosted&quot;,&quot;controls&quot;:&quot;yes&quot;}\" data-widget_type=\"video.default\">\n\t\t\t\t\t\t\t<div class=\"e-hosted-video elementor-wrapper elementor-open-inline\">\n\t\t\t\t\t<video class=\"elementor-video\" src=\"https:\/\/www.sdkeurope.com\/wp-content\/uploads\/2025\/08\/SDK-CHALLENGE-WEB-1.mp4\" controls=\"\" preload=\"metadata\" controlsList=\"nodownload\"><\/video>\n\t\t\t\t<\/div>\n\t\t\t\t\t\t<\/div>\n\t\t\t\t\t<\/div>\n\t\t<\/div>\n\t\t\t\t<div class=\"elementor-column elementor-col-50 elementor-top-column elementor-element elementor-element-f493c57\" data-id=\"f493c57\" data-element_type=\"column\">\n\t\t\t<div class=\"elementor-widget-wrap elementor-element-populated\">\n\t\t\t\t\t\t<div class=\"elementor-element elementor-element-696afbc elementor-widget elementor-widget-video\" data-id=\"696afbc\" data-element_type=\"widget\" data-settings=\"{&quot;video_type&quot;:&quot;hosted&quot;,&quot;controls&quot;:&quot;yes&quot;}\" data-widget_type=\"video.default\">\n\t\t\t\t\t\t\t<div class=\"e-hosted-video elementor-wrapper elementor-open-inline\">\n\t\t\t\t\t<video class=\"elementor-video\" src=\"https:\/\/www.sdkeurope.com\/wp-content\/uploads\/2025\/08\/SDK-VIDEO-VOICEOVERS-WEB-1.mp4\" controls=\"\" preload=\"metadata\" controlsList=\"nodownload\"><\/video>\n\t\t\t\t<\/div>\n\t\t\t\t\t\t<\/div>\n\t\t\t\t\t<\/div>\n\t\t<\/div>\n\t\t\t\t\t<\/div>\n\t\t<\/section>\n\t\t\t\t<\/div>\n\t\t","protected":false},"excerpt":{"rendered":"<p>SDK MENTORING CHALLENGE Vytv\u00e1\u0159\u00ed mnohem hlub\u0161\u00ed propojen\u00ed mezi sv\u011btov\u00fdmi lektory a jejich studenty, kter\u00e9 p\u0159esahuje tradi\u010dn\u00ed workshopy. Mento\u0159i si b\u011bhem workshop\u016f vyb\u00edraj\u00ed studenty do SDK mentoring challenge a nakonec zvol\u00ed 5 nejlep\u0161\u00edch pro svou show nebo battle crew. Jak to funguje: Registrace a v\u00fdb\u011br mentora:Tane\u010dn\u00edci si vyberou workshopy z rozvrhu. Krom\u011b toho si jako bonus &#8230; <a title=\"Challenge\" class=\"read-more\" href=\"https:\/\/www.sdkeurope.com\/cs\/challenge\/\" aria-label=\"\u010c\u00edst v\u00edce o Challenge\">Read more<\/a><\/p>\n","protected":false},"author":14,"featured_media":0,"parent":0,"menu_order":0,"comment_status":"closed","ping_status":"closed","template":"","meta":{"inline_featured_image":false,"ngg_post_thumbnail":0,"footnotes":""},"class_list":["post-6347","page","type-page","status-publish"],"_links":{"self":[{"href":"https:\/\/www.sdkeurope.com\/cs\/wp-json\/wp\/v2\/pages\/6347","targetHints":{"allow":["GET"]}}],"collection":[{"href":"https:\/\/www.sdkeurope.com\/cs\/wp-json\/wp\/v2\/pages"}],"about":[{"href":"https:\/\/www.sdkeurope.com\/cs\/wp-json\/wp\/v2\/types\/page"}],"author":[{"embeddable":true,"href":"https:\/\/www.sdkeurope.com\/cs\/wp-json\/wp\/v2\/users\/14"}],"replies":[{"embeddable":true,"href":"https:\/\/www.sdkeurope.com\/cs\/wp-json\/wp\/v2\/comments?post=6347"}],"version-history":[{"count":59,"href":"https:\/\/www.sdkeurope.com\/cs\/wp-json\/wp\/v2\/pages\/6347\/revisions"}],"predecessor-version":[{"id":9504,"href":"https:\/\/www.sdkeurope.com\/cs\/wp-json\/wp\/v2\/pages\/6347\/revisions\/9504"}],"wp:attachment":[{"href":"https:\/\/www.sdkeurope.com\/cs\/wp-json\/wp\/v2\/media?parent=6347"}],"curies":[{"name":"wp","href":"https:\/\/api.w.org\/{rel}","templated":true}]}}