{"id":8389,"date":"2025-02-03T11:51:48","date_gmt":"2025-02-03T10:51:48","guid":{"rendered":"https:\/\/www.sdkeurope.com\/informace\/"},"modified":"2026-01-27T00:35:58","modified_gmt":"2026-01-26T23:35:58","slug":"informace","status":"publish","type":"page","link":"https:\/\/www.sdkeurope.com\/cs\/informace\/","title":{"rendered":"INFORMACE"},"content":{"rendered":"\t\t<div data-elementor-type=\"wp-page\" data-elementor-id=\"8389\" class=\"elementor elementor-8389 elementor-8093\" data-elementor-post-type=\"page\">\n\t\t\t\t\t\t<section class=\"elementor-section elementor-top-section elementor-element elementor-element-caf9e34 overflow-hidden elementor-section-boxed elementor-section-height-default elementor-section-height-default\" data-id=\"caf9e34\" data-element_type=\"section\" data-settings=\"{&quot;background_background&quot;:&quot;classic&quot;}\">\n\t\t\t\t\t\t<div class=\"elementor-container elementor-column-gap-default\">\n\t\t\t\t\t<div class=\"elementor-column elementor-col-100 elementor-top-column elementor-element elementor-element-7b6700b\" data-id=\"7b6700b\" data-element_type=\"column\" data-settings=\"{&quot;background_background&quot;:&quot;classic&quot;}\">\n\t\t\t<div class=\"elementor-widget-wrap elementor-element-populated\">\n\t\t\t\t\t\t<section class=\"elementor-section elementor-inner-section elementor-element elementor-element-01a906c elementor-section-boxed elementor-section-height-default elementor-section-height-default\" data-id=\"01a906c\" data-element_type=\"section\">\n\t\t\t\t\t\t<div class=\"elementor-container elementor-column-gap-default\">\n\t\t\t\t\t<div class=\"elementor-column elementor-col-50 elementor-inner-column elementor-element elementor-element-029137e elementor-invisible\" data-id=\"029137e\" data-element_type=\"column\" data-settings=\"{&quot;background_background&quot;:&quot;classic&quot;,&quot;animation&quot;:&quot;fadeInLeft&quot;,&quot;animation_delay&quot;:400}\">\n\t\t\t<div class=\"elementor-widget-wrap elementor-element-populated\">\n\t\t\t\t\t\t<div class=\"elementor-element elementor-element-a2404d0 elementor-widget elementor-widget-heading\" data-id=\"a2404d0\" data-element_type=\"widget\" data-widget_type=\"heading.default\">\n\t\t\t\t\t<h2 class=\"elementor-heading-title elementor-size-default\"><a href=\"https:\/\/www.sdkeurope.com\/cs\/basic-info\/misto-konani\/\">M\u00edsto kon\u00e1n\u00ed<\/a><\/h2>\t\t\t\t<\/div>\n\t\t\t\t\t<\/div>\n\t\t<\/div>\n\t\t\t\t<div class=\"elementor-column elementor-col-50 elementor-inner-column elementor-element elementor-element-6fef616 elementor-invisible\" data-id=\"6fef616\" data-element_type=\"column\" data-settings=\"{&quot;background_background&quot;:&quot;classic&quot;,&quot;animation&quot;:&quot;fadeInRight&quot;,&quot;animation_delay&quot;:400}\">\n\t\t\t<div class=\"elementor-widget-wrap elementor-element-populated\">\n\t\t\t\t\t\t<div class=\"elementor-element elementor-element-4bbbf6c elementor-widget elementor-widget-heading\" data-id=\"4bbbf6c\" data-element_type=\"widget\" data-widget_type=\"heading.default\">\n\t\t\t\t\t<h2 class=\"elementor-heading-title elementor-size-default\"><a href=\"https:\/\/www.sdkeurope.com\/cs\/ubytovani\/\">Ubytov\u00e1n\u00ed<\/a><\/h2>\t\t\t\t<\/div>\n\t\t\t\t\t<\/div>\n\t\t<\/div>\n\t\t\t\t\t<\/div>\n\t\t<\/section>\n\t\t\t\t<section class=\"elementor-section elementor-inner-section elementor-element elementor-element-0ca766f elementor-section-boxed elementor-section-height-default elementor-section-height-default\" data-id=\"0ca766f\" data-element_type=\"section\">\n\t\t\t\t\t\t<div class=\"elementor-container elementor-column-gap-default\">\n\t\t\t\t\t<div class=\"elementor-column elementor-col-50 elementor-inner-column elementor-element elementor-element-2306d03 elementor-invisible\" data-id=\"2306d03\" data-element_type=\"column\" data-settings=\"{&quot;background_background&quot;:&quot;classic&quot;,&quot;animation&quot;:&quot;fadeInLeft&quot;,&quot;animation_delay&quot;:500}\">\n\t\t\t<div class=\"elementor-widget-wrap elementor-element-populated\">\n\t\t\t\t\t\t<div class=\"elementor-element elementor-element-9854de8 elementor-widget elementor-widget-heading\" data-id=\"9854de8\" data-element_type=\"widget\" data-widget_type=\"heading.default\">\n\t\t\t\t\t<h2 class=\"elementor-heading-title elementor-size-default\"><a href=\"https:\/\/www.sdkeurope.com\/cs\/stravovani\/\">J\u00eddlo<\/a><\/h2>\t\t\t\t<\/div>\n\t\t\t\t\t<\/div>\n\t\t<\/div>\n\t\t\t\t<div class=\"elementor-column elementor-col-50 elementor-inner-column elementor-element elementor-element-5820a0c elementor-invisible\" data-id=\"5820a0c\" data-element_type=\"column\" data-settings=\"{&quot;background_background&quot;:&quot;classic&quot;,&quot;animation&quot;:&quot;fadeInRight&quot;,&quot;animation_delay&quot;:500}\">\n\t\t\t<div class=\"elementor-widget-wrap elementor-element-populated\">\n\t\t\t\t\t\t<div class=\"elementor-element elementor-element-0a66ab8 elementor-widget elementor-widget-heading\" data-id=\"0a66ab8\" data-element_type=\"widget\" data-widget_type=\"heading.default\">\n\t\t\t\t\t<h2 class=\"elementor-heading-title elementor-size-default\"><a href=\"https:\/\/www.sdkeurope.com\/cs\/challenge\/\">Challenge<\/a><\/h2>\t\t\t\t<\/div>\n\t\t\t\t\t<\/div>\n\t\t<\/div>\n\t\t\t\t\t<\/div>\n\t\t<\/section>\n\t\t\t\t<section class=\"elementor-section elementor-inner-section elementor-element elementor-element-54f98a1 elementor-section-boxed elementor-section-height-default elementor-section-height-default\" data-id=\"54f98a1\" data-element_type=\"section\">\n\t\t\t\t\t\t<div class=\"elementor-container elementor-column-gap-default\">\n\t\t\t\t\t<div class=\"elementor-column elementor-col-50 elementor-inner-column elementor-element elementor-element-09abc86 elementor-invisible\" data-id=\"09abc86\" data-element_type=\"column\" data-settings=\"{&quot;background_background&quot;:&quot;classic&quot;,&quot;animation&quot;:&quot;fadeInLeft&quot;,&quot;animation_delay&quot;:600}\">\n\t\t\t<div class=\"elementor-widget-wrap elementor-element-populated\">\n\t\t\t\t\t\t<div class=\"elementor-element elementor-element-c986621 elementor-widget elementor-widget-heading\" data-id=\"c986621\" data-element_type=\"widget\" data-widget_type=\"heading.default\">\n\t\t\t\t\t<h2 class=\"elementor-heading-title elementor-size-default\"><a href=\"https:\/\/www.sdkeurope.com\/cs\/juniori\/\">Junio\u0159i<\/a><\/h2>\t\t\t\t<\/div>\n\t\t\t\t\t<\/div>\n\t\t<\/div>\n\t\t\t\t<div class=\"elementor-column elementor-col-50 elementor-inner-column elementor-element elementor-element-f12d8bd elementor-invisible\" data-id=\"f12d8bd\" data-element_type=\"column\" data-settings=\"{&quot;background_background&quot;:&quot;classic&quot;,&quot;animation&quot;:&quot;fadeInRight&quot;,&quot;animation_delay&quot;:600}\">\n\t\t\t<div class=\"elementor-widget-wrap elementor-element-populated\">\n\t\t\t\t\t\t<div class=\"elementor-element elementor-element-1b55088 elementor-widget elementor-widget-heading\" data-id=\"1b55088\" data-element_type=\"widget\" data-widget_type=\"heading.default\">\n\t\t\t\t\t<h2 class=\"elementor-heading-title elementor-size-default\"><a href=\"https:\/\/www.sdkeurope.com\/cs\/dokumenty\/\">Dokumenty<\/a><\/h2>\t\t\t\t<\/div>\n\t\t\t\t\t<\/div>\n\t\t<\/div>\n\t\t\t\t\t<\/div>\n\t\t<\/section>\n\t\t\t\t\t<\/div>\n\t\t<\/div>\n\t\t\t\t\t<\/div>\n\t\t<\/section>\n\t\t\t\t<\/div>\n\t\t","protected":false},"excerpt":{"rendered":"<p>M\u00edsto kon\u00e1n\u00ed Ubytov\u00e1n\u00ed J\u00eddlo Challenge Junio\u0159i Dokumenty<\/p>\n","protected":false},"author":14,"featured_media":0,"parent":0,"menu_order":0,"comment_status":"closed","ping_status":"closed","template":"","meta":{"inline_featured_image":false,"ngg_post_thumbnail":0,"footnotes":""},"class_list":["post-8389","page","type-page","status-publish"],"_links":{"self":[{"href":"https:\/\/www.sdkeurope.com\/cs\/wp-json\/wp\/v2\/pages\/8389","targetHints":{"allow":["GET"]}}],"collection":[{"href":"https:\/\/www.sdkeurope.com\/cs\/wp-json\/wp\/v2\/pages"}],"about":[{"href":"https:\/\/www.sdkeurope.com\/cs\/wp-json\/wp\/v2\/types\/page"}],"author":[{"embeddable":true,"href":"https:\/\/www.sdkeurope.com\/cs\/wp-json\/wp\/v2\/users\/14"}],"replies":[{"embeddable":true,"href":"https:\/\/www.sdkeurope.com\/cs\/wp-json\/wp\/v2\/comments?post=8389"}],"version-history":[{"count":3,"href":"https:\/\/www.sdkeurope.com\/cs\/wp-json\/wp\/v2\/pages\/8389\/revisions"}],"predecessor-version":[{"id":9653,"href":"https:\/\/www.sdkeurope.com\/cs\/wp-json\/wp\/v2\/pages\/8389\/revisions\/9653"}],"wp:attachment":[{"href":"https:\/\/www.sdkeurope.com\/cs\/wp-json\/wp\/v2\/media?parent=8389"}],"curies":[{"name":"wp","href":"https:\/\/api.w.org\/{rel}","templated":true}]}}